{"id":38,"date":"2023-02-25T22:53:57","date_gmt":"2023-02-25T21:53:57","guid":{"rendered":"https:\/\/sema.ag\/?page_id=38"},"modified":"2023-02-25T23:27:15","modified_gmt":"2023-02-25T22:27:15","slug":"impressum","status":"publish","type":"page","link":"https:\/\/sema.ag\/index.php\/impressum\/","title":{"rendered":"Impressum"},"content":{"rendered":"<p>[et_pb_section fb_built=&#8220;1&#8243; _builder_version=&#8220;4.20.0&#8243; _module_preset=&#8220;default&#8220; global_colors_info=&#8220;{}&#8220;][et_pb_row _builder_version=&#8220;4.20.0&#8243; _module_preset=&#8220;default&#8220; global_colors_info=&#8220;{}&#8220;][et_pb_column type=&#8220;4_4&#8243; _builder_version=&#8220;4.20.0&#8243; _module_preset=&#8220;default&#8220; global_colors_info=&#8220;{}&#8220;][et_pb_image src=&#8220;https:\/\/sema.ag\/wp-content\/uploads\/2023\/02\/SR-SEMA-AG-Logo-quer-5600.png&#8220; title_text=&#8220;SR SEMA AG &#8211; Logo quer 5600&#8243; _builder_version=&#8220;4.20.0&#8243; _module_preset=&#8220;default&#8220; global_colors_info=&#8220;{}&#8220;][\/et_pb_image][\/et_pb_column][\/et_pb_row][et_pb_row _builder_version=&#8220;4.20.0&#8243; _module_preset=&#8220;default&#8220; hover_enabled=&#8220;0&#8243; global_colors_info=&#8220;{}&#8220; sticky_enabled=&#8220;0&#8243;][et_pb_column type=&#8220;4_4&#8243; _builder_version=&#8220;4.20.0&#8243; _module_preset=&#8220;default&#8220; global_colors_info=&#8220;{}&#8220;][et_pb_text _builder_version=&#8220;4.20.0&#8243; _module_preset=&#8220;default&#8220; hover_enabled=&#8220;0&#8243; global_colors_info=&#8220;{}&#8220; sticky_enabled=&#8220;0&#8243;]<\/p>\n<div class=\"post-header\">\n<h1 class=\"post-title\"><strong>Impressum<\/strong><\/h1>\n<p>&nbsp;<\/p>\n<\/div>\n<div class=\"post-content entry-content\">\n<p><strong><i>Kontakt-Adresse<\/i><\/strong><br \/>SR SEMA AG<br \/>St. Jakobstrasse 74<br \/>6330 Cham<br \/>Schweiz<\/p>\n<p>E-Mail: info@sema.ag<br \/>Website: https:\/\/www.sema.ag<\/p>\n<p><strong><i>Haftungsausschluss<\/i><\/strong><br \/>Die SR SEMA AG \u00fcbernimmt keinerlei Gew\u00e4hr hinsichtlich der inhaltlichen Richtigkeit, Genauigkeit, Aktualit\u00e4t, Zuverl\u00e4ssigkeit und Vollst\u00e4ndigkeit der Informationen.<\/p>\n<p>Haftungsanspr\u00fcche gegen die SR SEMA AG wegen Sch\u00e4den materieller oder immaterieller Art, welche aus dem Zugriff oder der Nutzung bzw. Nichtnutzung der ver\u00f6ffentlichten Informationen, durch Missbrauch der Verbindung oder durch technische St\u00f6rungen entstanden sind, werden ausgeschlossen.<\/p>\n<p>Alle Angebote sind unverbindlich. Die SR SEMA AG beh\u00e4lt es sich ausdr\u00fccklich vor, Teile der Seiten oder das gesamte Angebot ohne besondere Ank\u00fcndigung zu ver\u00e4ndern, zu erg\u00e4nzen, zu l\u00f6schen oder die Ver\u00f6ffentlichung zeitweise oder endg\u00fcltig einzustellen.<\/p>\n<p><strong><i>Haftungsausschluss f\u00fcr Links<\/i><\/strong><br \/>Verweise und Links auf Webseiten Dritter liegen ausserhalb unseres Verantwortungsbereichs. Es wird jegliche Verantwortung f\u00fcr solche Webseiten abgelehnt. Der Zugriff und die Nutzung solcher Webseiten erfolgen auf eigene Gefahr des jeweiligen Nutzers.<\/p>\n<p><strong><i>Datenschutz<\/i><\/strong><br \/>Pers\u00f6nliche Daten, die beim Ausf\u00fcllen des Formulares \u00fcbermittelt werden, oder alle Informationen, die Sie uns zukommen lassen, zum Beispiel per E-Mail, sind vertraulich und werden unter keinen Umst\u00e4nden an unbefugte Dritte weitergegeben.<\/p>\n<p><strong><i>Urheberrechte<\/i><\/strong><br \/>Die Urheber- und alle anderen Rechte an Inhalten, Bildern, Fotos oder anderen Dateien auf dieser Website, geh\u00f6ren ausschliesslich der SR SEMA AG oder den speziell genannten Rechteinhabern. F\u00fcr die Reproduktion jeglicher Elemente ist die schriftliche Zustimmung des Urheberrechtstr\u00e4gers im Voraus einzuholen.<\/p>\n<p>Quelle:<span>\u00a0<\/span><a href=\"https:\/\/www.swissanwalt.ch\/\" target=\"_blank\" rel=\"noopener\">SwissAnwalt<\/a><\/p>\n<\/div>\n<p>[\/et_pb_text][\/et_pb_column][\/et_pb_row][\/et_pb_section]<\/p>\n","protected":false},"excerpt":{"rendered":"<p>Impressum &nbsp; Kontakt-AdresseSR SEMA AGSt. Jakobstrasse 746330 ChamSchweiz E-Mail: info@sema.agWebsite: https:\/\/www.sema.ag HaftungsausschlussDie SR SEMA AG \u00fcbernimmt keinerlei Gew\u00e4hr hinsichtlich der inhaltlichen Richtigkeit, Genauigkeit, Aktualit\u00e4t, Zuverl\u00e4ssigkeit und Vollst\u00e4ndigkeit der Informationen. Haftungsanspr\u00fcche gegen die SR SEMA AG wegen Sch\u00e4den materieller oder immaterieller Art, welche aus dem Zugriff oder der Nutzung bzw. Nichtnutzung der ver\u00f6ffentlichten Informationen, durch Missbrauch [&hellip;]<\/p>\n","protected":false},"author":1,"featured_media":0,"parent":0,"menu_order":0,"comment_status":"closed","ping_status":"closed","template":"","meta":{"_et_pb_use_builder":"on","_et_pb_old_content":"","_et_gb_content_width":"","footnotes":""},"class_list":["post-38","page","type-page","status-publish","hentry"],"yoast_head":"<!-- This site is optimized with the Yoast SEO plugin v27.4 - https:\/\/yoast.com\/product\/yoast-seo-wordpress\/ -->\n<title>Impressum - SR SEMA AG<\/title>\n<meta name=\"robots\" content=\"index, follow, max-snippet:-1, max-image-preview:large, max-video-preview:-1\" \/>\n<link rel=\"canonical\" href=\"https:\/\/sema.ag\/index.php\/impressum\/\" \/>\n<meta property=\"og:locale\" content=\"de_DE\" \/>\n<meta property=\"og:type\" content=\"article\" \/>\n<meta property=\"og:title\" content=\"Impressum - SR SEMA AG\" \/>\n<meta property=\"og:description\" content=\"Impressum &nbsp; Kontakt-AdresseSR SEMA AGSt. Jakobstrasse 746330 ChamSchweiz E-Mail: info@sema.agWebsite: https:\/\/www.sema.ag HaftungsausschlussDie SR SEMA AG \u00fcbernimmt keinerlei Gew\u00e4hr hinsichtlich der inhaltlichen Richtigkeit, Genauigkeit, Aktualit\u00e4t, Zuverl\u00e4ssigkeit und Vollst\u00e4ndigkeit der Informationen. Haftungsanspr\u00fcche gegen die SR SEMA AG wegen Sch\u00e4den materieller oder immaterieller Art, welche aus dem Zugriff oder der Nutzung bzw. Nichtnutzung der ver\u00f6ffentlichten Informationen, durch Missbrauch [&hellip;]\" \/>\n<meta property=\"og:url\" content=\"https:\/\/sema.ag\/index.php\/impressum\/\" \/>\n<meta property=\"og:site_name\" content=\"SR SEMA AG\" \/>\n<meta property=\"article:modified_time\" content=\"2023-02-25T22:27:15+00:00\" \/>\n<meta name=\"twitter:card\" content=\"summary_large_image\" \/>\n<meta name=\"twitter:label1\" content=\"Gesch\u00e4tzte Lesezeit\" \/>\n\t<meta name=\"twitter:data1\" content=\"2\u00a0Minuten\" \/>\n<script type=\"application\/ld+json\" class=\"yoast-schema-graph\">{\"@context\":\"https:\\\/\\\/schema.org\",\"@graph\":[{\"@type\":\"WebPage\",\"@id\":\"https:\\\/\\\/sema.ag\\\/index.php\\\/impressum\\\/\",\"url\":\"https:\\\/\\\/sema.ag\\\/index.php\\\/impressum\\\/\",\"name\":\"Impressum - SR SEMA AG\",\"isPartOf\":{\"@id\":\"https:\\\/\\\/sema.ag\\\/#website\"},\"datePublished\":\"2023-02-25T21:53:57+00:00\",\"dateModified\":\"2023-02-25T22:27:15+00:00\",\"breadcrumb\":{\"@id\":\"https:\\\/\\\/sema.ag\\\/index.php\\\/impressum\\\/#breadcrumb\"},\"inLanguage\":\"de\",\"potentialAction\":[{\"@type\":\"ReadAction\",\"target\":[\"https:\\\/\\\/sema.ag\\\/index.php\\\/impressum\\\/\"]}]},{\"@type\":\"BreadcrumbList\",\"@id\":\"https:\\\/\\\/sema.ag\\\/index.php\\\/impressum\\\/#breadcrumb\",\"itemListElement\":[{\"@type\":\"ListItem\",\"position\":1,\"name\":\"Startseite\",\"item\":\"https:\\\/\\\/sema.ag\\\/\"},{\"@type\":\"ListItem\",\"position\":2,\"name\":\"Impressum\"}]},{\"@type\":\"WebSite\",\"@id\":\"https:\\\/\\\/sema.ag\\\/#website\",\"url\":\"https:\\\/\\\/sema.ag\\\/\",\"name\":\"SR SEMA AG\",\"description\":\"IT&#039;s awesome\",\"publisher\":{\"@id\":\"https:\\\/\\\/sema.ag\\\/#organization\"},\"potentialAction\":[{\"@type\":\"SearchAction\",\"target\":{\"@type\":\"EntryPoint\",\"urlTemplate\":\"https:\\\/\\\/sema.ag\\\/?s={search_term_string}\"},\"query-input\":{\"@type\":\"PropertyValueSpecification\",\"valueRequired\":true,\"valueName\":\"search_term_string\"}}],\"inLanguage\":\"de\"},{\"@type\":\"Organization\",\"@id\":\"https:\\\/\\\/sema.ag\\\/#organization\",\"name\":\"SR SEMA AG\",\"url\":\"https:\\\/\\\/sema.ag\\\/\",\"logo\":{\"@type\":\"ImageObject\",\"inLanguage\":\"de\",\"@id\":\"https:\\\/\\\/sema.ag\\\/#\\\/schema\\\/logo\\\/image\\\/\",\"url\":\"https:\\\/\\\/sema.ag\\\/wp-content\\\/uploads\\\/2023\\\/02\\\/SR-SEMA-AG-Logo-quer-5600.png\",\"contentUrl\":\"https:\\\/\\\/sema.ag\\\/wp-content\\\/uploads\\\/2023\\\/02\\\/SR-SEMA-AG-Logo-quer-5600.png\",\"width\":5600,\"height\":1200,\"caption\":\"SR SEMA AG\"},\"image\":{\"@id\":\"https:\\\/\\\/sema.ag\\\/#\\\/schema\\\/logo\\\/image\\\/\"}}]}<\/script>\n<!-- \/ Yoast SEO plugin. -->","yoast_head_json":{"title":"Impressum - SR SEMA AG","robots":{"index":"index","follow":"follow","max-snippet":"max-snippet:-1","max-image-preview":"max-image-preview:large","max-video-preview":"max-video-preview:-1"},"canonical":"https:\/\/sema.ag\/index.php\/impressum\/","og_locale":"de_DE","og_type":"article","og_title":"Impressum - SR SEMA AG","og_description":"Impressum &nbsp; Kontakt-AdresseSR SEMA AGSt. Jakobstrasse 746330 ChamSchweiz E-Mail: info@sema.agWebsite: https:\/\/www.sema.ag HaftungsausschlussDie SR SEMA AG \u00fcbernimmt keinerlei Gew\u00e4hr hinsichtlich der inhaltlichen Richtigkeit, Genauigkeit, Aktualit\u00e4t, Zuverl\u00e4ssigkeit und Vollst\u00e4ndigkeit der Informationen. Haftungsanspr\u00fcche gegen die SR SEMA AG wegen Sch\u00e4den materieller oder immaterieller Art, welche aus dem Zugriff oder der Nutzung bzw. Nichtnutzung der ver\u00f6ffentlichten Informationen, durch Missbrauch [&hellip;]","og_url":"https:\/\/sema.ag\/index.php\/impressum\/","og_site_name":"SR SEMA AG","article_modified_time":"2023-02-25T22:27:15+00:00","twitter_card":"summary_large_image","twitter_misc":{"Gesch\u00e4tzte Lesezeit":"2\u00a0Minuten"},"schema":{"@context":"https:\/\/schema.org","@graph":[{"@type":"WebPage","@id":"https:\/\/sema.ag\/index.php\/impressum\/","url":"https:\/\/sema.ag\/index.php\/impressum\/","name":"Impressum - SR SEMA AG","isPartOf":{"@id":"https:\/\/sema.ag\/#website"},"datePublished":"2023-02-25T21:53:57+00:00","dateModified":"2023-02-25T22:27:15+00:00","breadcrumb":{"@id":"https:\/\/sema.ag\/index.php\/impressum\/#breadcrumb"},"inLanguage":"de","potentialAction":[{"@type":"ReadAction","target":["https:\/\/sema.ag\/index.php\/impressum\/"]}]},{"@type":"BreadcrumbList","@id":"https:\/\/sema.ag\/index.php\/impressum\/#breadcrumb","itemListElement":[{"@type":"ListItem","position":1,"name":"Startseite","item":"https:\/\/sema.ag\/"},{"@type":"ListItem","position":2,"name":"Impressum"}]},{"@type":"WebSite","@id":"https:\/\/sema.ag\/#website","url":"https:\/\/sema.ag\/","name":"SR SEMA AG","description":"IT&#039;s awesome","publisher":{"@id":"https:\/\/sema.ag\/#organization"},"potentialAction":[{"@type":"SearchAction","target":{"@type":"EntryPoint","urlTemplate":"https:\/\/sema.ag\/?s={search_term_string}"},"query-input":{"@type":"PropertyValueSpecification","valueRequired":true,"valueName":"search_term_string"}}],"inLanguage":"de"},{"@type":"Organization","@id":"https:\/\/sema.ag\/#organization","name":"SR SEMA AG","url":"https:\/\/sema.ag\/","logo":{"@type":"ImageObject","inLanguage":"de","@id":"https:\/\/sema.ag\/#\/schema\/logo\/image\/","url":"https:\/\/sema.ag\/wp-content\/uploads\/2023\/02\/SR-SEMA-AG-Logo-quer-5600.png","contentUrl":"https:\/\/sema.ag\/wp-content\/uploads\/2023\/02\/SR-SEMA-AG-Logo-quer-5600.png","width":5600,"height":1200,"caption":"SR SEMA AG"},"image":{"@id":"https:\/\/sema.ag\/#\/schema\/logo\/image\/"}}]}},"_links":{"self":[{"href":"https:\/\/sema.ag\/index.php\/wp-json\/wp\/v2\/pages\/38","targetHints":{"allow":["GET"]}}],"collection":[{"href":"https:\/\/sema.ag\/index.php\/wp-json\/wp\/v2\/pages"}],"about":[{"href":"https:\/\/sema.ag\/index.php\/wp-json\/wp\/v2\/types\/page"}],"author":[{"embeddable":true,"href":"https:\/\/sema.ag\/index.php\/wp-json\/wp\/v2\/users\/1"}],"replies":[{"embeddable":true,"href":"https:\/\/sema.ag\/index.php\/wp-json\/wp\/v2\/comments?post=38"}],"version-history":[{"count":8,"href":"https:\/\/sema.ag\/index.php\/wp-json\/wp\/v2\/pages\/38\/revisions"}],"predecessor-version":[{"id":51,"href":"https:\/\/sema.ag\/index.php\/wp-json\/wp\/v2\/pages\/38\/revisions\/51"}],"wp:attachment":[{"href":"https:\/\/sema.ag\/index.php\/wp-json\/wp\/v2\/media?parent=38"}],"curies":[{"name":"wp","href":"https:\/\/api.w.org\/{rel}","templated":true}]}}